{"id":547,"date":"2015-09-28T08:58:22","date_gmt":"2015-09-28T08:58:22","guid":{"rendered":"https:\/\/htc.dk\/hauptseite\/"},"modified":"2025-11-03T08:24:09","modified_gmt":"2025-11-03T08:24:09","slug":"hauptseite","status":"publish","type":"page","link":"https:\/\/htc.dk\/de\/","title":{"rendered":"Hauptseite"},"content":{"rendered":"<section class=\"wpb-content-wrapper\"><p>[vc_row full_width=&#8220;stretch_row&#8220; section_parallax=&#8220;&#8220; css=&#8220;.vc_custom_1443431411728{background-color: #767574 !important;}&#8220;][vc_column css=&#8220;.vc_custom_1443431295400{background-color: #767574 !important;}&#8220;][vc_column_text el_class=&#8220;tekstbox&#8220;]<\/p>\n<div><img loading=\"lazy\" decoding=\"async\" class=\"farve alignnone wp-image-31 size-full\" src=\"\/wp-content\/uploads\/2015\/09\/c.png\" alt=\"\" width=\"16\" height=\"16\">  Telefon: 96 56 07 70 <img loading=\"lazy\" decoding=\"async\" class=\"farve alignnone wp-image-32 size-full\" src=\"\/wp-content\/uploads\/2015\/09\/b.png\" alt=\"\" width=\"16\" height=\"16\"> Fax: 96 56 07 71 <img loading=\"lazy\" decoding=\"async\" class=\"farve alignnone wp-image-33 size-full\" src=\"\/wp-content\/uploads\/2015\/09\/a.png\" alt=\"\" width=\"16\" height=\"16\"> E-Mail: ts@htc.dk<\/div>\n<p>[\/vc_column_text][\/vc_column][\/vc_row][vc_row full_width=&#8220;stretch_row_content_no_spaces&#8220; section_parallax=&#8220;&#8220;][vc_column el_class=&#8220;hoved&#8220;]<header class=\"main-header\" data-sticky=\"true\">\n    <section style=\"background: #0a0a0a;\" class=\"header-navbar\" data-menu-scroll=\"true\">\n    \t<div class=\"container\">\n            <div class=\"row\">\n                <div class=\"col-xs-4 col-md-3\">\n                    <figure class=\"identity \"><a href=\"https:\/\/htc.dk\/de\/\"><img decoding=\"async\" alt=\"Hirtshals Transport Center\" src=\"https:\/\/htc.dk\/wp-content\/uploads\/2015\/09\/logo.png\"><\/a><\/figure>                    \n                <\/div> <!-- \/.col-2 -->\n                <div class=\"col-xs-8 col-md-9\">\n                    <nav class=\"main-nav\">\n                        <a href=\"#\" class=\"responsive-menu align-right\"><i class=\"icon-333 font-2x text-white\"><\/i><\/a>\n                        <ul id=\"menu-menu\" class=\"inline-list uppercase align-right\"><li id=\"menu-item-9\" class=\"menu-item menu-item-type-post_type menu-item-object-page menu-item-home menu-item-9\"><a href=\"https:\/\/htc.dk\/forside\/\">Hauptseite<\/a><\/li>\n<li id=\"menu-item-38\" class=\"menu-item menu-item-type-post_type menu-item-object-page menu-item-has-children menu-item-38\"><a href=\"https:\/\/htc.dk\/transportcenteret\/\">Das Transportzentrum<\/a>\n<ul class=\"sub-menu\">\n\t<li id=\"menu-item-42\" class=\"menu-item menu-item-type-post_type menu-item-object-page menu-item-42\"><a href=\"https:\/\/htc.dk\/bygningen\/\">Das Geb\u00e4ude<\/a><\/li>\n\t<li id=\"menu-item-54\" class=\"menu-item menu-item-type-post_type menu-item-object-page menu-item-54\"><a href=\"https:\/\/htc.dk\/konferencelokaler\/\">Konferenzr\u00e4ume<\/a><\/li>\n\t<li id=\"menu-item-51\" class=\"menu-item menu-item-type-post_type menu-item-object-page menu-item-51\"><a href=\"https:\/\/htc.dk\/hvilerum\/\">Ruheraum<\/a><\/li>\n<\/ul>\n<\/li>\n<li id=\"menu-item-228\" class=\"menu-item menu-item-type-post_type menu-item-object-page menu-item-228\"><a href=\"https:\/\/htc.dk\/terminal-lager\/\">Terminal \/ Lagerhaus<\/a><\/li>\n<li id=\"menu-item-286\" class=\"menu-item menu-item-type-custom menu-item-object-custom menu-item-286\"><a target=\"_blank\" href=\"https:\/\/shop2go.dk\/langtidsparkering\/\">Langtidsparkering\/Long-term parking<\/a><\/li>\n<li id=\"menu-item-287\" class=\"menu-item menu-item-type-custom menu-item-object-custom menu-item-287\"><a target=\"_blank\" href=\"https:\/\/shop2go.dk\/autocamper\/\">Autocamper<\/a><\/li>\n<li id=\"menu-item-46\" class=\"menu-item menu-item-type-post_type menu-item-object-page menu-item-has-children menu-item-46\"><a href=\"https:\/\/htc.dk\/ledige-lokaler\/\">Verf\u00fcgbare R\u00e4umlichkeiten<\/a>\n<ul class=\"sub-menu\">\n\t<li id=\"menu-item-238\" class=\"menu-item menu-item-type-post_type menu-item-object-page menu-item-238\"><a href=\"https:\/\/htc.dk\/vaerelser\/\">Zimmer<\/a><\/li>\n<\/ul>\n<\/li>\n<li id=\"menu-item-86\" class=\"menu-item menu-item-type-post_type menu-item-object-page menu-item-86\"><a href=\"https:\/\/htc.dk\/presse\/\">Pressezentrum<\/a><\/li>\n<li id=\"menu-item-89\" class=\"menu-item menu-item-type-post_type menu-item-object-page menu-item-89\"><a href=\"https:\/\/htc.dk\/kontakt-find-vej\/\">Kontakt \/\/ Finden Sie Ihren Weg<\/a><\/li>\n<li id=\"menu-item-292\" class=\"menu-item menu-item-type-custom menu-item-object-custom menu-item-292\"><a target=\"_blank\" href=\"https:\/\/opmax.dk\">Opmax<\/a><\/li>\n<li id=\"menu-item-wpml-ls-2-de\" class=\"menu-item wpml-ls-slot-2 wpml-ls-item wpml-ls-item-de wpml-ls-current-language wpml-ls-menu-item wpml-ls-last-item menu-item-type-wpml_ls_menu_item menu-item-object-wpml_ls_menu_item menu-item-has-children menu-item-wpml-ls-2-de\"><a href=\"https:\/\/htc.dk\/de\/\" aria-current=\"page\" aria-expanded=\"false\" aria-controls=\"wpml-ls-submenu-wpml-ls-2-de\"><img decoding=\"async\"\n            class=\"wpml-ls-flag\"\n            src=\"https:\/\/htc.dk\/wp-content\/plugins\/sitepress-multilingual-cms\/res\/flags\/de.svg\"\n            alt=\"\"\n            loading=\"lazy\"\n            \n            \n    \/><span class=\"wpml-ls-native\" lang=\"de\">Deutsch<\/span><\/a>\n<ul class=\"sub-menu\">\n\t<li id=\"menu-item-wpml-ls-2-da\" class=\"menu-item wpml-ls-slot-2 wpml-ls-item wpml-ls-item-da wpml-ls-menu-item wpml-ls-first-item menu-item-type-wpml_ls_menu_item menu-item-object-wpml_ls_menu_item menu-item-wpml-ls-2-da\"><a href=\"https:\/\/htc.dk\/\" title=\"Wechseln zu Dansk\" aria-label=\"Wechseln zu Dansk\"><img decoding=\"async\"\n            class=\"wpml-ls-flag\"\n            src=\"https:\/\/htc.dk\/wp-content\/plugins\/sitepress-multilingual-cms\/res\/flags\/da.svg\"\n            alt=\"\"\n            loading=\"lazy\"\n            \n            \n    \/><span class=\"wpml-ls-native\" lang=\"da\">Dansk<\/span><\/a><\/li>\n\t<li id=\"menu-item-wpml-ls-2-en\" class=\"menu-item wpml-ls-slot-2 wpml-ls-item wpml-ls-item-en wpml-ls-menu-item menu-item-type-wpml_ls_menu_item menu-item-object-wpml_ls_menu_item menu-item-wpml-ls-2-en\"><a href=\"https:\/\/htc.dk\/en\/\" title=\"Wechseln zu English\" aria-label=\"Wechseln zu English\"><img decoding=\"async\"\n            class=\"wpml-ls-flag\"\n            src=\"https:\/\/htc.dk\/wp-content\/plugins\/sitepress-multilingual-cms\/res\/flags\/en.svg\"\n            alt=\"\"\n            loading=\"lazy\"\n            \n            \n    \/><span class=\"wpml-ls-native\" lang=\"en\">English<\/span><\/a><\/li>\n<\/ul>\n<\/li>\n<\/ul>                    <\/nav><!-- \/.main-nav -->\n                <\/div> <!-- \/.col-10 -->\n            <\/div> <!-- \/.row -->\n        <\/div>\n    <\/section> <!-- \/.header-navbar -->\n<\/header> <!-- \/.main-header -->[\/vc_column][\/vc_row][vc_row full_width=&#8220;stretch_row_content_no_spaces&#8220; section_parallax=&#8220;&#8220;][vc_column el_class=&#8220;banner&#8220;][rev_slider_vc alias=&#8220;slider&#8220;][\/vc_column][\/vc_row][vc_row][vc_column css=&#8220;.vc_custom_1674822085948{border-top-width: 2px !important;border-right-width: 2px !important;border-bottom-width: 2px !important;border-left-width: 2px !important;border-left-color: #005cbf !important;border-left-style: solid !important;border-right-color: #005cbf !important;border-right-style: solid !important;border-top-color: #005cbf !important;border-top-style: solid !important;border-bottom-color: #005cbf !important;border-bottom-style: solid !important;}&#8220;][vc_column_text]<\/p>\n<h2 style=\"text-align: center;\">NEU<\/h2>\n<p>[\/vc_column_text][vc_empty_space height=&#8220;25px&#8220;][vc_single_image image=&#8220;564&#8243; img_size=&#8220;750&#215;900&#8243; alignment=&#8220;center&#8220;][vc_empty_space height=&#8220;25px&#8220;][vc_separator border_width=&#8220;3&#8243;][vc_empty_space height=&#8220;25px&#8220;][vc_single_image image=&#8220;417&#8243; img_size=&#8220;full&#8220; alignment=&#8220;center&#8220;][vc_column_text]<\/p>\n<h2>B\u00fcrofl\u00e4che zu vermieten<\/h2>\n<p><span data-olk-copy-source=\"MessageBody\">Wir bauen ein neues B\u00fcrogeb\u00e4ude und die R\u00e4umlichkeiten werden im November 2025 bezugsfertig sein.<\/span><\/p>\n<p>Es gibt R\u00e4ume von 40 Quadratmetern bis zu 120 Quadratmetern, wobei Sie die M\u00f6glichkeit haben, an der Gestaltung des B\u00fcros mitzuwirken.<\/p>\n<p>Die Zimmer 4 und 5 sind vermietet.<\/p>\n<p>Z\u00f6gern Sie nicht, Tonni f\u00fcr weitere Informationen zu kontaktieren.<\/p>\n<p><strong>Kontakt<br \/>\n<\/strong>Tonni S\u00f8rensen<br \/>\nCentre Director &#8211; HTC<br \/>\nTel. +45 20 11 39 55<br \/>\nE-mail: <a href=\"mailto:ts@htc.dk\">ts@htc.dk<\/a> <\/p>\n<p>Unten finden Sie Grundrisse des Geb\u00e4udes. Klicken Sie auf ein Bild, um es zu \u00f6ffnen.[\/vc_column_text][vc_empty_space height=&#8220;25px&#8220;][vc_media_grid element_width=&#8220;6&#8243; grid_id=&#8220;vc_gid:1762157959515-f623d179-d0f1-0&#8243; include=&#8220;421,419&#8243;][vc_empty_space height=&#8220;25px&#8220;][\/vc_column][\/vc_row][vc_row section_parallax=&#8220;&#8220;][vc_column][vc_column_text]<\/p>\n<h1>Hirtshals Transport Center &#8211; Ein modernes Full-Service-Zentrum f\u00fcr den Transportsektor und das private Autofahren<\/h1>\n<p>[\/vc_column_text][\/vc_column][\/vc_row][vc_row section_parallax=&#8220;&#8220;][vc_column width=&#8220;1\/2&#8243;][vc_column_text]<\/p>\n<h3>HTC &#8211; direkt an der Grenze zwischen der EU, Norwegen und dem Nordatlantik.<\/h3>\n<p>Hier &#8211; am Ende der Aalborg-Hirtshals-Autobahn E39, wo sich Land- und Schienenverkehr mit dem Seeverkehr abwechseln, finden Sie alles.<\/p>\n<p>HTC &#8211; Hirtshals Transport Centre verf\u00fcgt \u00fcber zahlreiche Einrichtungen f\u00fcr die vielen Lastwagen, die Hirtshals t\u00e4glich befahren. Neben einer Fahrerlounge, Toiletten und Duschen beherbergt das Geb\u00e4ude des Zentrums auch die Zollabfertigung f\u00fcr Zollpapiere, Musternummernschilder, zollfreie Ausfuhren usw. Die Reedereien Color Line &amp; Fjord Line sind f\u00fcr den Umschlag und den Ticketverkauf f\u00fcr LKWs, die Zahlung der Stra\u00dfensteuer, andere Speditionsunternehmen, LKW-Dieselwerke mit LKW-Diesel und AdBlue-Anlagen vertreten. <\/p>\n<p>Tip Trailer Services Eine neue moderne Anh\u00e4ngerwerkstatt, die alle Arten von Anh\u00e4nger-\/K\u00fchlungsreparaturen anbietet, finden Sie ebenfalls bei HTC.<\/p>\n<p>F\u00fcr private Autofahrer bietet das Service- und Willkommenszentrum mit direktem Zugang vom Kreisverkehr der E 39 Einrichtungen wie eine Go&#8217;on-Tankstelle mit Kraftstoff f\u00fcr Autos, eine Autowaschanlage, einen neuen modernen Grenzshop Shop2go, eine Cafeteria mit d\u00e4nischen, vietnamesischen und thail\u00e4ndischen Spezialit\u00e4ten. Das Welcome Centre bietet au\u00dferdem Langzeitparkpl\u00e4tze, Stellpl\u00e4tze f\u00fcr Wohnmobile und Wohnwagen mit der M\u00f6glichkeit, Strom anzuschlie\u00dfen, Frischwasser sowie das Entleeren von Abwassertanks und chemische Toiletten. <\/p>\n<p>Aktivit\u00e4ten auf dem Anh\u00e4ngerparkplatz und im Bereich der Tankstelle<\/p>\n<p>und Kiosk werden rund um die Uhr \u00fcberwacht.[\/vc_column_text][vc_empty_space height=&#8220;15px&#8220;][\/vc_column][vc_column width=&#8220;1\/2&#8243;][vc_column_text]<\/p>\n<h3>Buchen Sie oder kontaktieren Sie uns f\u00fcr weitere Informationen<\/h3>\n<p>[\/vc_column_text][vc_empty_space height=&#8220;20px&#8220;][vc_row_inner][vc_column_inner width=&#8220;1\/3&#8243;][vc_single_image image=&#8220;381&#8243; img_size=&#8220;full&#8220; alignment=&#8220;center&#8220; onclick=&#8220;custom_link&#8220; link=&#8220;https:\/\/htc.dk\/de\/zimmer\/&#8220;][vc_column_text css=&#8220;.vc_custom_1606807107397{padding-bottom: 15px !important;}&#8220;]<\/p>\n<h3 style=\"text-align: center;\"><a href=\"https:\/\/htc.dk\/de\/?page_id=479\">Zimmer<\/a><\/h3>\n<p style=\"text-align: center;\"><a href=\"https:\/\/htc.dk\/de\/?page_id=479\">Klicken Sie hier<\/a><\/p>\n<p>[\/vc_column_text][\/vc_column_inner][vc_column_inner width=&#8220;1\/3&#8243;][vc_single_image image=&#8220;383&#8243; img_size=&#8220;full&#8220; alignment=&#8220;center&#8220; onclick=&#8220;custom_link&#8220; link=&#8220;https:\/\/htc.dk\/de\/buchen-sie-einen-konferenzraum\/&#8220;][\/vc_column_inner][vc_column_inner width=&#8220;1\/3&#8243;][vc_single_image image=&#8220;385&#8243; img_size=&#8220;full&#8220; alignment=&#8220;center&#8220; onclick=&#8220;custom_link&#8220; link=&#8220;https:\/\/htc.dk\/de\/kontakt-finden-sie-ihren-weg\/&#8220;][\/vc_column_inner][\/vc_row_inner][vc_empty_space][vc_separator color=&#8220;custom&#8220; style=&#8220;dashed&#8220; accent_color=&#8220;#2d2d2d&#8220;][vc_column_text]<\/p>\n<h3>Newsletters<\/h3>\n<p>Melden Sie sich f\u00fcr unseren Newsletter an und bleiben Sie auf dem Laufenden.<\/p>\n<p>[contact-form-7 id=&#8220;106&#8243; title=&#8220;Hvilerum&#8220;][\/vc_column_text][vc_empty_space height=&#8220;35px&#8220;][\/vc_column][\/vc_row][vc_row full_width=&#8220;stretch_row&#8220; section_parallax=&#8220;&#8220; css=&#8220;.vc_custom_1443511120608{background-color: rgba(232,232,232,0.72) !important;*background-color: rgb(232,232,232) !important;}&#8220;][vc_column][vc_empty_space height=&#8220;25px&#8220;][vc_column_text]<\/p>\n<h2 style=\"text-align: center;\">Wir arbeiten mit:<\/h2>\n<p>[\/vc_column_text][vc_empty_space height=&#8220;45px&#8220;]<div id=\"ult-carousel-194429199869d827afb2a95\" class=\"ult-carousel-wrapper   ult_horizontal\" data-gutter=\"15\" data-rtl=\"false\" ><div class=\"ult-carousel-99212554269d827afb29c9 \" >[vc_single_image image=&#8220;395&#8243; img_size=&#8220;full&#8220; alignment=&#8220;center&#8220; onclick=&#8220;custom_link&#8220; css_animation=&#8220;appear&#8220; link=&#8220;https:\/\/www.colorline.com\/&#8220;][vc_single_image image=&#8220;397&#8243; img_size=&#8220;full&#8220; alignment=&#8220;center&#8220; onclick=&#8220;custom_link&#8220; css_animation=&#8220;appear&#8220; link=&#8220;http:\/\/www.fjordline.com\/no&#8220;][vc_single_image image=&#8220;403&#8243; img_size=&#8220;full&#8220; alignment=&#8220;center&#8220; onclick=&#8220;custom_link&#8220; css_animation=&#8220;appear&#8220; link=&#8220;https:\/\/www.tipeurope.dk\/&#8220;][vc_single_image image=&#8220;409&#8243; img_size=&#8220;full&#8220; alignment=&#8220;center&#8220; onclick=&#8220;custom_link&#8220; css_animation=&#8220;appear&#8220; link=&#8220;http:\/\/accesspointscandinavia.dk\/forside.aspx&#8220;][vc_single_image image=&#8220;415&#8243; img_size=&#8220;full&#8220; alignment=&#8220;center&#8220; onclick=&#8220;custom_link&#8220; css_animation=&#8220;appear&#8220; link=&#8220;https:\/\/opmax.dk&#8220;]<\/div><\/div>\t\t\t<script type=\"text\/javascript\">\n\t\t\t\tjQuery(document).ready(function ($) {\n\t\t\t\t\tif( typeof jQuery('.ult-carousel-99212554269d827afb29c9').slick == \"function\"){\n\t\t\t\t\t\t$('.ult-carousel-99212554269d827afb29c9').slick({dots: true,autoplay: true,autoplaySpeed: 5000,speed: 300,infinite: true,arrows: true,nextArrow: '<button type=\"button\" role=\"button\" aria-label=\"Next\" style=\"color:#333333; font-size:20px;\" class=\"slick-next default\"><i class=\"ultsl-arrow-right4\"><\/i><\/button>',prevArrow: '<button type=\"button\" role=\"button\" aria-label=\"Previous\" style=\"color:#333333; font-size:20px;\" class=\"slick-prev default\"><i class=\"ultsl-arrow-left4\"><\/i><\/button>',slidesToScroll:4,slidesToShow:4,swipe: true,draggable: true,touchMove: true,pauseOnHover: true,pauseOnFocus: false,responsive: [\n\t\t\t\t\t\t\t{\n\t\t\t\t\t\t\t  breakpoint: 1026,\n\t\t\t\t\t\t\t  settings: {\n\t\t\t\t\t\t\t\tslidesToShow: 4,\n\t\t\t\t\t\t\t\tslidesToScroll: 4,  \n\t\t\t\t\t\t\t  }\n\t\t\t\t\t\t\t},\n\t\t\t\t\t\t\t{\n\t\t\t\t\t\t\t  breakpoint: 1025,\n\t\t\t\t\t\t\t  settings: {\n\t\t\t\t\t\t\t\tslidesToShow: 3,\n\t\t\t\t\t\t\t\tslidesToScroll: 3\n\t\t\t\t\t\t\t  }\n\t\t\t\t\t\t\t},\n\t\t\t\t\t\t\t{\n\t\t\t\t\t\t\t  breakpoint: 760,\n\t\t\t\t\t\t\t  settings: {\n\t\t\t\t\t\t\t\tslidesToShow: 2,\n\t\t\t\t\t\t\t\tslidesToScroll: 2\n\t\t\t\t\t\t\t  }\n\t\t\t\t\t\t\t}\n\t\t\t\t\t\t],pauseOnDotsHover: true,customPaging: function(slider, i) {\n                   return '<i type=\"button\" style= \"color:#333333;\" class=\"ultsl-record\" data-role=\"none\"><\/i>';\n                },});\n\t\t\t\t\t}\n\t\t\t\t});\n\t\t\t<\/script>\n\t\t\t[\/vc_column][\/vc_row]<\/p>\n<\/section>","protected":false},"excerpt":{"rendered":"<p>[vc_row full_width=&#8220;stretch_row&#8220; section_parallax=&#8220;&#8220; css=&#8220;.vc_custom_1443431411728{background-color: #767574 !important;}&#8220;][vc_column css=&#8220;.vc_custom_1443431295400{background-color: #767574 !important;}&#8220;][vc_column_text el_class=&#8220;tekstbox&#8220;] Telefon: 96 56 07 70 Fax: 96 56 07 71 E-Mail: ts@htc.dk [\/vc_column_text][\/vc_column][\/vc_row][vc_row full_width=&#8220;stretch_row_content_no_spaces&#8220; section_parallax=&#8220;&#8220;][vc_column el_class=&#8220;hoved&#8220;][\/vc_column][\/vc_row][vc_row full_width=&#8220;stretch_row_content_no_spaces&#8220; section_parallax=&#8220;&#8220;][vc_column el_class=&#8220;banner&#8220;][rev_slider_vc alias=&#8220;slider&#8220;][\/vc_column][\/vc_row][vc_row][vc_column css=&#8220;.vc_custom_1674822085948{border-top-width: 2px !important;border-right-width: 2px !important;border-bottom-width: 2px !important;border-left-width: 2px !important;border-left-color: #005cbf !important;border-left-style: solid !important;border-right-color: #005cbf !important;border-right-style: solid !important;border-top-color: #005cbf !important;border-top-style: solid !important;border-bottom-color: #005cbf !important;border-bottom-style: solid !important;}&#8220;][vc_column_text]<\/p>\n<p><a class=\"more-link uppercase text-alpha font-beta\" href=\"https:\/\/htc.dk\/de\/\">Read more<\/a><\/p>\n","protected":false},"author":1,"featured_media":0,"parent":0,"menu_order":0,"comment_status":"closed","ping_status":"closed","template":"","meta":{"footnotes":""},"class_list":["post-547","page","type-page","status-publish","hentry"],"_links":{"self":[{"href":"https:\/\/htc.dk\/de\/wp-json\/wp\/v2\/pages\/547","targetHints":{"allow":["GET"]}}],"collection":[{"href":"https:\/\/htc.dk\/de\/wp-json\/wp\/v2\/pages"}],"about":[{"href":"https:\/\/htc.dk\/de\/wp-json\/wp\/v2\/types\/page"}],"author":[{"embeddable":true,"href":"https:\/\/htc.dk\/de\/wp-json\/wp\/v2\/users\/1"}],"replies":[{"embeddable":true,"href":"https:\/\/htc.dk\/de\/wp-json\/wp\/v2\/comments?post=547"}],"version-history":[{"count":7,"href":"https:\/\/htc.dk\/de\/wp-json\/wp\/v2\/pages\/547\/revisions"}],"predecessor-version":[{"id":570,"href":"https:\/\/htc.dk\/de\/wp-json\/wp\/v2\/pages\/547\/revisions\/570"}],"wp:attachment":[{"href":"https:\/\/htc.dk\/de\/wp-json\/wp\/v2\/media?parent=547"}],"curies":[{"name":"wp","href":"https:\/\/api.w.org\/{rel}","templated":true}]}}