{"id":540,"date":"2015-09-28T10:27:06","date_gmt":"2015-09-28T10:27:06","guid":{"rendered":"https:\/\/htc.dk\/das-transportzentrum\/"},"modified":"2025-05-27T06:47:13","modified_gmt":"2025-05-27T06:47:13","slug":"das-transportzentrum","status":"publish","type":"page","link":"https:\/\/htc.dk\/de\/das-transportzentrum\/","title":{"rendered":"Das Transportzentrum"},"content":{"rendered":"<section class=\"wpb-content-wrapper\"><p>[vc_row full_width=&#8220;stretch_row&#8220; section_parallax=&#8220;&#8220; css=&#8220;.vc_custom_1443431411728{background-color: #767574 !important;}&#8220;][vc_column css=&#8220;.vc_custom_1443431295400{background-color: #767574 !important;}&#8220;][vc_column_text el_class=&#8220;tekstbox&#8220;]<\/p>\n<div><img loading=\"lazy\" decoding=\"async\" class=\"farve alignnone wp-image-31 size-full\" src=\"\/wp-content\/uploads\/2015\/09\/c.png\" alt=\"\" width=\"16\" height=\"16\">  Telefon: 96 56 07 70 <img loading=\"lazy\" decoding=\"async\" class=\"farve alignnone wp-image-32 size-full\" src=\"\/wp-content\/uploads\/2015\/09\/b.png\" alt=\"\" width=\"16\" height=\"16\"> Fax: 96 56 07 71 <img loading=\"lazy\" decoding=\"async\" class=\"farve alignnone wp-image-33 size-full\" src=\"\/wp-content\/uploads\/2015\/09\/a.png\" alt=\"\" width=\"16\" height=\"16\"> E-Mail: ts@htc.dk<\/div>\n<p>[\/vc_column_text][\/vc_column][\/vc_row][vc_row full_width=&#8220;stretch_row_content_no_spaces&#8220; section_parallax=&#8220;&#8220;][vc_column]<header class=\"main-header\" data-sticky=\"true\">\n    <section  class=\"header-navbar\" data-menu-scroll=\"true\">\n    \t<div class=\"container\">\n            <div class=\"row\">\n                <div class=\"col-xs-4 col-md-3\">\n                    <figure class=\"identity \"><a href=\"https:\/\/htc.dk\/de\/\"><img decoding=\"async\" alt=\"Hirtshals Transport Center\" src=\"https:\/\/htc.dk\/wp-content\/uploads\/2015\/09\/logo.png\"><\/a><\/figure>                    \n                <\/div> <!-- \/.col-2 -->\n                <div class=\"col-xs-8 col-md-9\">\n                    <nav class=\"main-nav\">\n                        <a href=\"#\" class=\"responsive-menu align-right\"><i class=\"icon-333 font-2x text-white\"><\/i><\/a>\n                        <ul id=\"menu-menu\" class=\"inline-list uppercase align-right\"><li id=\"menu-item-9\" class=\"menu-item menu-item-type-post_type menu-item-object-page menu-item-home menu-item-9\"><a href=\"https:\/\/htc.dk\/forside\/\">Hauptseite<\/a><\/li>\n<li id=\"menu-item-38\" class=\"menu-item menu-item-type-post_type menu-item-object-page menu-item-has-children menu-item-38\"><a href=\"https:\/\/htc.dk\/transportcenteret\/\">Das Transportzentrum<\/a>\n<ul class=\"sub-menu\">\n\t<li id=\"menu-item-42\" class=\"menu-item menu-item-type-post_type menu-item-object-page menu-item-42\"><a href=\"https:\/\/htc.dk\/bygningen\/\">Das Geb\u00e4ude<\/a><\/li>\n\t<li id=\"menu-item-54\" class=\"menu-item menu-item-type-post_type menu-item-object-page menu-item-54\"><a href=\"https:\/\/htc.dk\/konferencelokaler\/\">Konferenzr\u00e4ume<\/a><\/li>\n\t<li id=\"menu-item-51\" class=\"menu-item menu-item-type-post_type menu-item-object-page menu-item-51\"><a href=\"https:\/\/htc.dk\/hvilerum\/\">Ruheraum<\/a><\/li>\n<\/ul>\n<\/li>\n<li id=\"menu-item-228\" class=\"menu-item menu-item-type-post_type menu-item-object-page menu-item-228\"><a href=\"https:\/\/htc.dk\/terminal-lager\/\">Terminal \/ Lagerhaus<\/a><\/li>\n<li id=\"menu-item-286\" class=\"menu-item menu-item-type-custom menu-item-object-custom menu-item-286\"><a target=\"_blank\" href=\"https:\/\/shop2go.dk\/langtidsparkering\/\">Langtidsparkering\/Long-term parking<\/a><\/li>\n<li id=\"menu-item-287\" class=\"menu-item menu-item-type-custom menu-item-object-custom menu-item-287\"><a target=\"_blank\" href=\"https:\/\/shop2go.dk\/autocamper\/\">Autocamper<\/a><\/li>\n<li id=\"menu-item-46\" class=\"menu-item menu-item-type-post_type menu-item-object-page menu-item-has-children menu-item-46\"><a href=\"https:\/\/htc.dk\/ledige-lokaler\/\">Verf\u00fcgbare R\u00e4umlichkeiten<\/a>\n<ul class=\"sub-menu\">\n\t<li id=\"menu-item-238\" class=\"menu-item menu-item-type-post_type menu-item-object-page menu-item-238\"><a href=\"https:\/\/htc.dk\/vaerelser\/\">Zimmer<\/a><\/li>\n<\/ul>\n<\/li>\n<li id=\"menu-item-86\" class=\"menu-item menu-item-type-post_type menu-item-object-page menu-item-86\"><a href=\"https:\/\/htc.dk\/presse\/\">Pressezentrum<\/a><\/li>\n<li id=\"menu-item-89\" class=\"menu-item menu-item-type-post_type menu-item-object-page menu-item-89\"><a href=\"https:\/\/htc.dk\/kontakt-find-vej\/\">Kontakt \/\/ Finden Sie Ihren Weg<\/a><\/li>\n<li id=\"menu-item-292\" class=\"menu-item menu-item-type-custom menu-item-object-custom menu-item-292\"><a target=\"_blank\" href=\"https:\/\/opmax.dk\">Opmax<\/a><\/li>\n<li id=\"menu-item-wpml-ls-2-de\" class=\"menu-item wpml-ls-slot-2 wpml-ls-item wpml-ls-item-de wpml-ls-current-language wpml-ls-menu-item wpml-ls-last-item menu-item-type-wpml_ls_menu_item menu-item-object-wpml_ls_menu_item menu-item-has-children menu-item-wpml-ls-2-de\"><a href=\"https:\/\/htc.dk\/de\/\" aria-current=\"page\" aria-expanded=\"false\" aria-controls=\"wpml-ls-submenu-wpml-ls-2-de\"><img decoding=\"async\"\n            class=\"wpml-ls-flag\"\n            src=\"https:\/\/htc.dk\/wp-content\/plugins\/sitepress-multilingual-cms\/res\/flags\/de.svg\"\n            alt=\"\"\n            loading=\"lazy\"\n            \n            \n    \/><span class=\"wpml-ls-native\" lang=\"de\">Deutsch<\/span><\/a>\n<ul class=\"sub-menu\">\n\t<li id=\"menu-item-wpml-ls-2-da\" class=\"menu-item wpml-ls-slot-2 wpml-ls-item wpml-ls-item-da wpml-ls-menu-item wpml-ls-first-item menu-item-type-wpml_ls_menu_item menu-item-object-wpml_ls_menu_item menu-item-wpml-ls-2-da\"><a href=\"https:\/\/htc.dk\/\" title=\"Wechseln zu Dansk\" aria-label=\"Wechseln zu Dansk\"><img decoding=\"async\"\n            class=\"wpml-ls-flag\"\n            src=\"https:\/\/htc.dk\/wp-content\/plugins\/sitepress-multilingual-cms\/res\/flags\/da.svg\"\n            alt=\"\"\n            loading=\"lazy\"\n            \n            \n    \/><span class=\"wpml-ls-native\" lang=\"da\">Dansk<\/span><\/a><\/li>\n\t<li id=\"menu-item-wpml-ls-2-en\" class=\"menu-item wpml-ls-slot-2 wpml-ls-item wpml-ls-item-en wpml-ls-menu-item menu-item-type-wpml_ls_menu_item menu-item-object-wpml_ls_menu_item menu-item-wpml-ls-2-en\"><a href=\"https:\/\/htc.dk\/en\/\" title=\"Wechseln zu English\" aria-label=\"Wechseln zu English\"><img decoding=\"async\"\n            class=\"wpml-ls-flag\"\n            src=\"https:\/\/htc.dk\/wp-content\/plugins\/sitepress-multilingual-cms\/res\/flags\/en.svg\"\n            alt=\"\"\n            loading=\"lazy\"\n            \n            \n    \/><span class=\"wpml-ls-native\" lang=\"en\">English<\/span><\/a><\/li>\n<\/ul>\n<\/li>\n<\/ul>                    <\/nav><!-- \/.main-nav -->\n                <\/div> <!-- \/.col-10 -->\n            <\/div> <!-- \/.row -->\n        <\/div>\n    <\/section> <!-- \/.header-navbar -->\n<\/header> <!-- \/.main-header -->[\/vc_column][\/vc_row][vc_row full_width=&#8220;stretch_row_content_no_spaces&#8220; section_parallax=&#8220;&#8220;][vc_column][rev_slider_vc alias=&#8220;slider&#8220;][\/vc_column][\/vc_row][vc_row section_parallax=&#8220;&#8220;][vc_column][vc_column_text]<\/p>\n<h1>Das Transportzentrum<\/h1>\n<p><strong>Geschwindigkeit, Effizienz und Service bei HTC<\/strong><\/p>\n<p>Die Forderung nach einer rationellen Abwicklung des Stra\u00dfen- und Seetransports ist eine Herausforderung f\u00fcr das Zentrum, das sich genau dort befindet, wo sich die beiden Verkehrstr\u00e4ger abwechseln &#8211; nur 2 km vom Hafen von Hirtshals entfernt.<\/p>\n<p>Das Zentrum liegt genau in einem nat\u00fcrlichen Weg f\u00fcr den zunehmenden Verkehr, der von der Autobahnauffahrt Hj\u00f8rrring-Hirtshals (E39) in Richtung Hirtshals und dem Hafen von Hirtshals f\u00fchrt.<\/p>\n<p>HTC verzeichnet eine verst\u00e4rkte Aktivit\u00e4t und einen erheblichen Anstieg des Verkehrsaufkommens. Die Fahrer f\u00fchlen sich hier zu Hause, wo der Stra\u00dfenverkehr zum Zoll und zu den Spediteuren im Zentralgeb\u00e4ude oder zu den Werkst\u00e4tten zur Wartung geht.<\/p>\n<p><strong>Effizienz<\/strong><br \/>\nDie Effizienz des Rampenparkplatzes mit 8 LKW-Dieseltankinseln bringt den Fahrern gro\u00dfe Vorteile.<\/p>\n<p>Die 6 Unternehmen CIRCLE-K, SHELL, OK, YX, GO&#8217;ON und YARA bieten die Lieferung von Diesel und AdBlue von 8 Tankstellen mit Satellitenbetankung an, aber die Anlage kann auch zum Tanken von Diesel und AdBlue mit ausl\u00e4ndischen Karten von Router, DKW, UTA, AS24, Saifa, Hoyer Card, Preem, IQ-card, KDW, Euro Toll, Tankpool 24, EDC-card, Morgan, E100, &amp; EW Cards genutzt werden.<\/p>\n<p>Die Fahrer verwalten das Tanken mit minimalem Zeitaufwand. Beim Tanken von Diesel tankt der Fahrer auch Zeit.<\/p>\n<p>Durch den Einsatz von HTC, hier an der EU-Grenze, wird die bestm\u00f6gliche Nutzung der Fahrzeit erreicht, wenn die so genannten \u201eFerry Rules\u201c an der Zollstelle praktiziert werden.<\/p>\n<p>Um eine Karte des Gel\u00e4ndes zu sehen <a href=\"https:\/\/htc.dk\/wp-content\/uploads\/2015\/09\/kort_transportcenter.pdf\">, klicken Sie hier<\/a>[\/vc_column_text][vc_empty_space height=&#8220;45px&#8220;][\/vc_column][\/vc_row]<\/p>\n<\/section>","protected":false},"excerpt":{"rendered":"<p>[vc_row full_width=&#8220;stretch_row&#8220; section_parallax=&#8220;&#8220; css=&#8220;.vc_custom_1443431411728{background-color: #767574 !important;}&#8220;][vc_column css=&#8220;.vc_custom_1443431295400{background-color: #767574 !important;}&#8220;][vc_column_text el_class=&#8220;tekstbox&#8220;] Telefon: 96 56 07 70 Fax: 96 56 07 71 E-Mail: ts@htc.dk [\/vc_column_text][\/vc_column][\/vc_row][vc_row full_width=&#8220;stretch_row_content_no_spaces&#8220; section_parallax=&#8220;&#8220;][vc_column][\/vc_column][\/vc_row][vc_row full_width=&#8220;stretch_row_content_no_spaces&#8220; section_parallax=&#8220;&#8220;][vc_column][rev_slider_vc alias=&#8220;slider&#8220;][\/vc_column][\/vc_row][vc_row section_parallax=&#8220;&#8220;][vc_column][vc_column_text] Das Transportzentrum Geschwindigkeit, Effizienz und Service bei HTC Die Forderung nach einer rationellen Abwicklung des Stra\u00dfen- und Seetransports ist eine Herausforderung f\u00fcr das Zentrum, das sich<\/p>\n<p><a class=\"more-link uppercase text-alpha font-beta\" href=\"https:\/\/htc.dk\/de\/das-transportzentrum\/\">Read more<\/a><\/p>\n","protected":false},"author":1,"featured_media":0,"parent":0,"menu_order":0,"comment_status":"closed","ping_status":"closed","template":"","meta":{"footnotes":""},"class_list":["post-540","page","type-page","status-publish","hentry"],"_links":{"self":[{"href":"https:\/\/htc.dk\/de\/wp-json\/wp\/v2\/pages\/540","targetHints":{"allow":["GET"]}}],"collection":[{"href":"https:\/\/htc.dk\/de\/wp-json\/wp\/v2\/pages"}],"about":[{"href":"https:\/\/htc.dk\/de\/wp-json\/wp\/v2\/types\/page"}],"author":[{"embeddable":true,"href":"https:\/\/htc.dk\/de\/wp-json\/wp\/v2\/users\/1"}],"replies":[{"embeddable":true,"href":"https:\/\/htc.dk\/de\/wp-json\/wp\/v2\/comments?post=540"}],"version-history":[{"count":3,"href":"https:\/\/htc.dk\/de\/wp-json\/wp\/v2\/pages\/540\/revisions"}],"predecessor-version":[{"id":544,"href":"https:\/\/htc.dk\/de\/wp-json\/wp\/v2\/pages\/540\/revisions\/544"}],"wp:attachment":[{"href":"https:\/\/htc.dk\/de\/wp-json\/wp\/v2\/media?parent=540"}],"curies":[{"name":"wp","href":"https:\/\/api.w.org\/{rel}","templated":true}]}}