{"id":479,"date":"2020-11-26T13:55:33","date_gmt":"2020-11-26T13:55:33","guid":{"rendered":"https:\/\/htc.dk\/zimmer\/"},"modified":"2025-05-27T06:46:53","modified_gmt":"2025-05-27T06:46:53","slug":"zimmer","status":"publish","type":"page","link":"https:\/\/htc.dk\/de\/zimmer\/","title":{"rendered":"Zimmer"},"content":{"rendered":"<section class=\"wpb-content-wrapper\"><p>[vc_row full_width=&#8220;stretch_row&#8220; section_parallax=&#8220;&#8220; css=&#8220;.vc_custom_1443431411728{background-color: #767574 !important;}&#8220;][vc_column css=&#8220;.vc_custom_1443431295400{background-color: #767574 !important;}&#8220;][vc_column_text el_class=&#8220;tekstbox&#8220;]<\/p>\n<div><img loading=\"lazy\" decoding=\"async\" class=\"farve alignnone wp-image-31 size-full\" src=\"\/wp-content\/uploads\/2015\/09\/c.png\" alt=\"\" width=\"16\" height=\"16\">  Telefon: 96 56 07 70 <img loading=\"lazy\" decoding=\"async\" class=\"farve alignnone wp-image-32 size-full\" src=\"\/wp-content\/uploads\/2015\/09\/b.png\" alt=\"\" width=\"16\" height=\"16\"> Fax: 96 56 07 71 <img loading=\"lazy\" decoding=\"async\" class=\"farve alignnone wp-image-33 size-full\" src=\"\/wp-content\/uploads\/2015\/09\/a.png\" alt=\"\" width=\"16\" height=\"16\"> E-Mail: ts@htc.dk<\/div>\n<p>[\/vc_column_text][\/vc_column][\/vc_row][vc_row full_width=&#8220;stretch_row_content_no_spaces&#8220; section_parallax=&#8220;&#8220;][vc_column]<header class=\"main-header\" data-sticky=\"true\">\n    <section  class=\"header-navbar\" data-menu-scroll=\"true\">\n    \t<div class=\"container\">\n            <div class=\"row\">\n                <div class=\"col-xs-4 col-md-3\">\n                    <figure class=\"identity \"><a href=\"https:\/\/htc.dk\/de\/\"><img decoding=\"async\" alt=\"Hirtshals Transport Center\" src=\"https:\/\/htc.dk\/wp-content\/uploads\/2015\/09\/logo.png\"><\/a><\/figure>                    \n                <\/div> <!-- \/.col-2 -->\n                <div class=\"col-xs-8 col-md-9\">\n                    <nav class=\"main-nav\">\n                        <a href=\"#\" class=\"responsive-menu align-right\"><i class=\"icon-333 font-2x text-white\"><\/i><\/a>\n                        <ul id=\"menu-menu\" class=\"inline-list uppercase align-right\"><li id=\"menu-item-9\" class=\"menu-item menu-item-type-post_type menu-item-object-page menu-item-home menu-item-9\"><a href=\"https:\/\/htc.dk\/forside\/\">Hauptseite<\/a><\/li>\n<li id=\"menu-item-38\" class=\"menu-item menu-item-type-post_type menu-item-object-page menu-item-has-children menu-item-38\"><a href=\"https:\/\/htc.dk\/transportcenteret\/\">Das Transportzentrum<\/a>\n<ul class=\"sub-menu\">\n\t<li id=\"menu-item-42\" class=\"menu-item menu-item-type-post_type menu-item-object-page menu-item-42\"><a href=\"https:\/\/htc.dk\/bygningen\/\">Das Geb\u00e4ude<\/a><\/li>\n\t<li id=\"menu-item-54\" class=\"menu-item menu-item-type-post_type menu-item-object-page menu-item-54\"><a href=\"https:\/\/htc.dk\/konferencelokaler\/\">Konferenzr\u00e4ume<\/a><\/li>\n\t<li id=\"menu-item-51\" class=\"menu-item menu-item-type-post_type menu-item-object-page menu-item-51\"><a href=\"https:\/\/htc.dk\/hvilerum\/\">Ruheraum<\/a><\/li>\n<\/ul>\n<\/li>\n<li id=\"menu-item-228\" class=\"menu-item menu-item-type-post_type menu-item-object-page menu-item-228\"><a href=\"https:\/\/htc.dk\/terminal-lager\/\">Terminal \/ Lagerhaus<\/a><\/li>\n<li id=\"menu-item-286\" class=\"menu-item menu-item-type-custom menu-item-object-custom menu-item-286\"><a target=\"_blank\" href=\"https:\/\/shop2go.dk\/langtidsparkering\/\">Langtidsparkering\/Long-term parking<\/a><\/li>\n<li id=\"menu-item-287\" class=\"menu-item menu-item-type-custom menu-item-object-custom menu-item-287\"><a target=\"_blank\" href=\"https:\/\/shop2go.dk\/autocamper\/\">Autocamper<\/a><\/li>\n<li id=\"menu-item-46\" class=\"menu-item menu-item-type-post_type menu-item-object-page menu-item-has-children menu-item-46\"><a href=\"https:\/\/htc.dk\/ledige-lokaler\/\">Verf\u00fcgbare R\u00e4umlichkeiten<\/a>\n<ul class=\"sub-menu\">\n\t<li id=\"menu-item-238\" class=\"menu-item menu-item-type-post_type menu-item-object-page menu-item-238\"><a href=\"https:\/\/htc.dk\/vaerelser\/\">Zimmer<\/a><\/li>\n<\/ul>\n<\/li>\n<li id=\"menu-item-86\" class=\"menu-item menu-item-type-post_type menu-item-object-page menu-item-86\"><a href=\"https:\/\/htc.dk\/presse\/\">Pressezentrum<\/a><\/li>\n<li id=\"menu-item-89\" class=\"menu-item menu-item-type-post_type menu-item-object-page menu-item-89\"><a href=\"https:\/\/htc.dk\/kontakt-find-vej\/\">Kontakt \/\/ Finden Sie Ihren Weg<\/a><\/li>\n<li id=\"menu-item-292\" class=\"menu-item menu-item-type-custom menu-item-object-custom menu-item-292\"><a target=\"_blank\" href=\"https:\/\/opmax.dk\">Opmax<\/a><\/li>\n<li id=\"menu-item-wpml-ls-2-de\" class=\"menu-item wpml-ls-slot-2 wpml-ls-item wpml-ls-item-de wpml-ls-current-language wpml-ls-menu-item wpml-ls-last-item menu-item-type-wpml_ls_menu_item menu-item-object-wpml_ls_menu_item menu-item-has-children menu-item-wpml-ls-2-de\"><a href=\"https:\/\/htc.dk\/de\/\" aria-current=\"page\" aria-expanded=\"false\" aria-controls=\"wpml-ls-submenu-wpml-ls-2-de\"><img decoding=\"async\"\n            class=\"wpml-ls-flag\"\n            src=\"https:\/\/htc.dk\/wp-content\/plugins\/sitepress-multilingual-cms\/res\/flags\/de.svg\"\n            alt=\"\"\n            loading=\"lazy\"\n            \n            \n    \/><span class=\"wpml-ls-native\" lang=\"de\">Deutsch<\/span><\/a>\n<ul class=\"sub-menu\">\n\t<li id=\"menu-item-wpml-ls-2-da\" class=\"menu-item wpml-ls-slot-2 wpml-ls-item wpml-ls-item-da wpml-ls-menu-item wpml-ls-first-item menu-item-type-wpml_ls_menu_item menu-item-object-wpml_ls_menu_item menu-item-wpml-ls-2-da\"><a href=\"https:\/\/htc.dk\/\" title=\"Wechseln zu Dansk\" aria-label=\"Wechseln zu Dansk\"><img decoding=\"async\"\n            class=\"wpml-ls-flag\"\n            src=\"https:\/\/htc.dk\/wp-content\/plugins\/sitepress-multilingual-cms\/res\/flags\/da.svg\"\n            alt=\"\"\n            loading=\"lazy\"\n            \n            \n    \/><span class=\"wpml-ls-native\" lang=\"da\">Dansk<\/span><\/a><\/li>\n\t<li id=\"menu-item-wpml-ls-2-en\" class=\"menu-item wpml-ls-slot-2 wpml-ls-item wpml-ls-item-en wpml-ls-menu-item menu-item-type-wpml_ls_menu_item menu-item-object-wpml_ls_menu_item menu-item-wpml-ls-2-en\"><a href=\"https:\/\/htc.dk\/en\/\" title=\"Wechseln zu English\" aria-label=\"Wechseln zu English\"><img decoding=\"async\"\n            class=\"wpml-ls-flag\"\n            src=\"https:\/\/htc.dk\/wp-content\/plugins\/sitepress-multilingual-cms\/res\/flags\/en.svg\"\n            alt=\"\"\n            loading=\"lazy\"\n            \n            \n    \/><span class=\"wpml-ls-native\" lang=\"en\">English<\/span><\/a><\/li>\n<\/ul>\n<\/li>\n<\/ul>                    <\/nav><!-- \/.main-nav -->\n                <\/div> <!-- \/.col-10 -->\n            <\/div> <!-- \/.row -->\n        <\/div>\n    <\/section> <!-- \/.header-navbar -->\n<\/header> <!-- \/.main-header -->[\/vc_column][\/vc_row][vc_row full_width=&#8220;stretch_row_content_no_spaces&#8220; section_parallax=&#8220;&#8220;][vc_column][rev_slider_vc alias=&#8220;slider&#8220;][\/vc_column][\/vc_row][vc_row section_parallax=&#8220;&#8220;][vc_column][vc_column_text]<\/p>\n<h1>Zimmer<\/h1>\n<h2>Ein Zimmer mieten<\/h2>\n<p>Wenn Sie eine einfache \u00dcbernachtungsm\u00f6glichkeit ohne gro\u00dfe Einrichtungen ben\u00f6tigen, die nur 3 Minuten von den F\u00e4hren und dem Zentrum von Hirtshals entfernt ist, k\u00f6nnen wir Ihnen eine Unterkunft im Hirtshals Transport Center empfehlen. Hier gibt es auch die M\u00f6glichkeit zu parken.<\/p>\n<p>Die Adresse lautet: Dalsagervej 1, dk &#8211; 9850 Hirtshals. Im Shop2go an der GO ON Tankstelle an derselben Adresse erhalten Sie die Schl\u00fcssel und alle Informationen, die Sie ben\u00f6tigen. Auch hier haben Sie die M\u00f6glichkeit, ein leichtes Fr\u00fchst\u00fcck zu bekommen.<\/p>\n<p>Reservierung: tina@shop2go.dk oder Telefon + 45 98 90 90 90 00 (alle Tage 07.00-22.00)[\/vc_column_text][vc_column_text css=&#8220;.vc_custom_1606398938840{padding-bottom: 32px !important;}&#8220;]<\/p>\n<h2>Zimmer 1<\/h2>\n<p>[\/vc_column_text][\/vc_column][\/vc_row][vc_row][vc_column width=&#8220;1\/2&#8243;][vc_single_image image=&#8220;429&#8243; img_size=&#8220;full&#8220;][\/vc_column][vc_column width=&#8220;1\/2&#8243;][vc_single_image image=&#8220;431&#8243; img_size=&#8220;full&#8220;][\/vc_column][\/vc_row][vc_row][vc_column][vc_raw_html css=&#8220;.vc_custom_1606399364243{padding-top: 32px !important;}&#8220;]PHRhYmxlIHN0eWxlPSJ3aWR0aDoxMDAlIj4KICA8dHI+CiAgICA8dGQ+PHN0cm9uZz5FbnRow6RsdDwvc3Ryb25nPjwvdGQ+Cjx0ZD48L3RkPgogIDwvdHI+CiAgPHRyPgogICAgPHRkPjIgeCBFaW56ZWxiZXR0ZW4sIFRvaWxldHRlICZhbXA7IEJhZCB1bmQgVFY8L3RkPiAKPHRkPjwvdGQ+ICAgCiAgPC90cj4gIAo8dHI+CiAgICAgIDx0ZD5QcmVpcyBwcm8gTmFjaHQ8L3RkPiAKPHRkPkRLSyA0NTAgLyBFVVJPIDY1PC90ZD4KPC90cj4KPHRyPgo8dGQ+WmltbWVyIHZlcmbDvGdiYXIgdm9uIDE0LjAwIFVociBiaXMgMTAuMDAgVWhyIGFtIG7DpGNoc3RlbiBUYWc8L3RkPgo8dGQ+PC90ZD4KPC90cj4KPHRyPgo8L3RhYmxlPg==[\/vc_raw_html][\/vc_column][\/vc_row][vc_row][vc_column][vc_column_text css=&#8220;.vc_custom_1606399827067{padding-bottom: 32px !important;}&#8220;]<\/p>\n<h2>Zimmer 2<\/h2>\n<p>[\/vc_column_text][\/vc_column][\/vc_row][vc_row][vc_column width=&#8220;1\/2&#8243;][vc_single_image image=&#8220;433&#8243; img_size=&#8220;full&#8220;][\/vc_column][vc_column width=&#8220;1\/2&#8243;][vc_single_image image=&#8220;435&#8243; img_size=&#8220;full&#8220;][\/vc_column][\/vc_row][vc_row][vc_column][vc_raw_html css=&#8220;.vc_custom_1606807219664{padding-top: 32px !important;padding-bottom: 32px !important;}&#8220;]PHRhYmxlIHN0eWxlPSJ3aWR0aDoxMDAlIj4KICA8dHI+CiAgICA8dGQ+PHN0cm9uZz5FbnRow6RsdDwvc3Ryb25nPjwvdGQ+Cjx0ZD48L3RkPgogIDwvdHI+CiAgPHRyPgogICAgPHRkPjEgeCBFaW56ZWxiZXR0ZW4sIDEgeCBEb3BwZWxiZXR0ZW4gLSBUb2lsZXR0ZSAmYW1wOyBCYWQgdW5kIFRWPC90ZD4gCjx0ZD48L3RkPiAgIAogIDwvdHI+ICAKPHRyPgogICAgICA8dGQ+UHJlaXMgcHJvIE5hY2h0IHYvIDIgUGVyc29uZW48L3RkPiAKPHRkPkRLSyA0NTAgLyBFVVJPIDY1PC90ZD4KPC90cj4KPHRyPiAKPHRkPlByZWlzIHBybyBOYWNodCB2LzMgUGVyc29uZW48L3RkPgo8dGQ+REtLIDUwMCAvIEVVUk8gNzg8L3RkPgo8L3RyPgo8dHI+Cjx0ZD5EaWUgWmltbWVyIHNpbmQgdm9uIDE0Lm9vIFVociBiaXMgMTAuMDAgVWhyIGFtIG7DpGNoc3RlbiBUYWcgdmVyZsO8Z2Jhci48L3RkPgo8dGQ+PC90ZD4KPC90cj4KPHRyPgo8dGQ+UmVzZXJ2aWVydW5nOiB0aW5hQHNob3AyZ28uZGsgb2RlciArNDUgOTggOTAgOTAgMDAgKDctMjIpPC90ZD4KPHRkPjwvdGQ+CjwvdHI+Cjx0cj4KPHRkPjwvdGQ+Cjx0ZD48L3RkPgo8L3RyPgo8L3RhYmxlPg==[\/vc_raw_html][\/vc_column][\/vc_row]<\/p>\n<\/section>","protected":false},"excerpt":{"rendered":"<p>[vc_row full_width=&#8220;stretch_row&#8220; section_parallax=&#8220;&#8220; css=&#8220;.vc_custom_1443431411728{background-color: #767574 !important;}&#8220;][vc_column css=&#8220;.vc_custom_1443431295400{background-color: #767574 !important;}&#8220;][vc_column_text el_class=&#8220;tekstbox&#8220;] Telefon: 96 56 07 70 Fax: 96 56 07 71 E-Mail: ts@htc.dk [\/vc_column_text][\/vc_column][\/vc_row][vc_row full_width=&#8220;stretch_row_content_no_spaces&#8220; section_parallax=&#8220;&#8220;][vc_column][\/vc_column][\/vc_row][vc_row full_width=&#8220;stretch_row_content_no_spaces&#8220; section_parallax=&#8220;&#8220;][vc_column][rev_slider_vc alias=&#8220;slider&#8220;][\/vc_column][\/vc_row][vc_row section_parallax=&#8220;&#8220;][vc_column][vc_column_text] Zimmer Ein Zimmer mieten Wenn Sie eine einfache \u00dcbernachtungsm\u00f6glichkeit ohne gro\u00dfe Einrichtungen ben\u00f6tigen, die nur 3 Minuten von den F\u00e4hren und dem Zentrum von Hirtshals entfernt<\/p>\n<p><a class=\"more-link uppercase text-alpha font-beta\" href=\"https:\/\/htc.dk\/de\/zimmer\/\">Read more<\/a><\/p>\n","protected":false},"author":1,"featured_media":0,"parent":0,"menu_order":0,"comment_status":"closed","ping_status":"closed","template":"","meta":{"footnotes":""},"class_list":["post-479","page","type-page","status-publish","hentry"],"_links":{"self":[{"href":"https:\/\/htc.dk\/de\/wp-json\/wp\/v2\/pages\/479","targetHints":{"allow":["GET"]}}],"collection":[{"href":"https:\/\/htc.dk\/de\/wp-json\/wp\/v2\/pages"}],"about":[{"href":"https:\/\/htc.dk\/de\/wp-json\/wp\/v2\/types\/page"}],"author":[{"embeddable":true,"href":"https:\/\/htc.dk\/de\/wp-json\/wp\/v2\/users\/1"}],"replies":[{"embeddable":true,"href":"https:\/\/htc.dk\/de\/wp-json\/wp\/v2\/comments?post=479"}],"version-history":[{"count":4,"href":"https:\/\/htc.dk\/de\/wp-json\/wp\/v2\/pages\/479\/revisions"}],"predecessor-version":[{"id":488,"href":"https:\/\/htc.dk\/de\/wp-json\/wp\/v2\/pages\/479\/revisions\/488"}],"wp:attachment":[{"href":"https:\/\/htc.dk\/de\/wp-json\/wp\/v2\/media?parent=479"}],"curies":[{"name":"wp","href":"https:\/\/api.w.org\/{rel}","templated":true}]}}