{"id":441,"date":"2019-11-28T15:21:42","date_gmt":"2019-11-28T15:21:42","guid":{"rendered":"https:\/\/htc.dk\/terminal-lagerhaus\/"},"modified":"2025-05-27T06:46:47","modified_gmt":"2025-05-27T06:46:47","slug":"terminal-lagerhaus","status":"publish","type":"page","link":"https:\/\/htc.dk\/de\/terminal-lagerhaus\/","title":{"rendered":"Terminal \/ Lagerhaus"},"content":{"rendered":"<section class=\"wpb-content-wrapper\"><p>[vc_row full_width=&#8220;stretch_row&#8220; section_parallax=&#8220;&#8220; css=&#8220;.vc_custom_1443431411728{background-color: #767574 !important;}&#8220;][vc_column css=&#8220;.vc_custom_1443431295400{background-color: #767574 !important;}&#8220;][vc_column_text el_class=&#8220;tekstbox&#8220;]<\/p>\n<div><img loading=\"lazy\" decoding=\"async\" class=\"farve alignnone wp-image-31 size-full\" src=\"https:\/\/htc.dk\/wp-content\/uploads\/2015\/09\/c.png\" alt=\"\" width=\"16\" height=\"16\">  Telefon: 96 56 07 70 <img loading=\"lazy\" decoding=\"async\" class=\"farve alignnone wp-image-32 size-full\" src=\"https:\/\/htc.dk\/wp-content\/uploads\/2015\/09\/b.png\" alt=\"\" width=\"16\" height=\"16\"> Fax: 96 56 07 71 <img loading=\"lazy\" decoding=\"async\" class=\"farve alignnone wp-image-33 size-full\" src=\"https:\/\/htc.dk\/wp-content\/uploads\/2015\/09\/a.png\" alt=\"\" width=\"16\" height=\"16\"> E-Mail: ts@htc.dk<\/div>\n<p>[\/vc_column_text][\/vc_column][\/vc_row][vc_row full_width=&#8220;stretch_row_content_no_spaces&#8220; section_parallax=&#8220;&#8220;][vc_column]<header class=\"main-header\" data-sticky=\"true\">\n    <section  class=\"header-navbar\" data-menu-scroll=\"true\">\n    \t<div class=\"container\">\n            <div class=\"row\">\n                <div class=\"col-xs-4 col-md-3\">\n                    <figure class=\"identity \"><a href=\"https:\/\/htc.dk\/de\/\"><img decoding=\"async\" alt=\"Hirtshals Transport Center\" src=\"https:\/\/htc.dk\/wp-content\/uploads\/2015\/09\/logo.png\"><\/a><\/figure>                    \n                <\/div> <!-- \/.col-2 -->\n                <div class=\"col-xs-8 col-md-9\">\n                    <nav class=\"main-nav\">\n                        <a href=\"#\" class=\"responsive-menu align-right\"><i class=\"icon-333 font-2x text-white\"><\/i><\/a>\n                        <ul id=\"menu-menu\" class=\"inline-list uppercase align-right\"><li id=\"menu-item-9\" class=\"menu-item menu-item-type-post_type menu-item-object-page menu-item-home menu-item-9\"><a href=\"https:\/\/htc.dk\/forside\/\">Hauptseite<\/a><\/li>\n<li id=\"menu-item-38\" class=\"menu-item menu-item-type-post_type menu-item-object-page menu-item-has-children menu-item-38\"><a href=\"https:\/\/htc.dk\/transportcenteret\/\">Das Transportzentrum<\/a>\n<ul class=\"sub-menu\">\n\t<li id=\"menu-item-42\" class=\"menu-item menu-item-type-post_type menu-item-object-page menu-item-42\"><a href=\"https:\/\/htc.dk\/bygningen\/\">Das Geb\u00e4ude<\/a><\/li>\n\t<li id=\"menu-item-54\" class=\"menu-item menu-item-type-post_type menu-item-object-page menu-item-54\"><a href=\"https:\/\/htc.dk\/konferencelokaler\/\">Konferenzr\u00e4ume<\/a><\/li>\n\t<li id=\"menu-item-51\" class=\"menu-item menu-item-type-post_type menu-item-object-page menu-item-51\"><a href=\"https:\/\/htc.dk\/hvilerum\/\">Ruheraum<\/a><\/li>\n<\/ul>\n<\/li>\n<li id=\"menu-item-228\" class=\"menu-item menu-item-type-post_type menu-item-object-page menu-item-228\"><a href=\"https:\/\/htc.dk\/terminal-lager\/\">Terminal \/ Lagerhaus<\/a><\/li>\n<li id=\"menu-item-286\" class=\"menu-item menu-item-type-custom menu-item-object-custom menu-item-286\"><a target=\"_blank\" href=\"https:\/\/shop2go.dk\/langtidsparkering\/\">Langtidsparkering\/Long-term parking<\/a><\/li>\n<li id=\"menu-item-287\" class=\"menu-item menu-item-type-custom menu-item-object-custom menu-item-287\"><a target=\"_blank\" href=\"https:\/\/shop2go.dk\/autocamper\/\">Autocamper<\/a><\/li>\n<li id=\"menu-item-46\" class=\"menu-item menu-item-type-post_type menu-item-object-page menu-item-has-children menu-item-46\"><a href=\"https:\/\/htc.dk\/ledige-lokaler\/\">Verf\u00fcgbare R\u00e4umlichkeiten<\/a>\n<ul class=\"sub-menu\">\n\t<li id=\"menu-item-238\" class=\"menu-item menu-item-type-post_type menu-item-object-page menu-item-238\"><a href=\"https:\/\/htc.dk\/vaerelser\/\">Zimmer<\/a><\/li>\n<\/ul>\n<\/li>\n<li id=\"menu-item-86\" class=\"menu-item menu-item-type-post_type menu-item-object-page menu-item-86\"><a href=\"https:\/\/htc.dk\/presse\/\">Pressezentrum<\/a><\/li>\n<li id=\"menu-item-89\" class=\"menu-item menu-item-type-post_type menu-item-object-page menu-item-89\"><a href=\"https:\/\/htc.dk\/kontakt-find-vej\/\">Kontakt \/\/ Finden Sie Ihren Weg<\/a><\/li>\n<li id=\"menu-item-292\" class=\"menu-item menu-item-type-custom menu-item-object-custom menu-item-292\"><a target=\"_blank\" href=\"https:\/\/opmax.dk\">Opmax<\/a><\/li>\n<li id=\"menu-item-wpml-ls-2-de\" class=\"menu-item wpml-ls-slot-2 wpml-ls-item wpml-ls-item-de wpml-ls-current-language wpml-ls-menu-item wpml-ls-last-item menu-item-type-wpml_ls_menu_item menu-item-object-wpml_ls_menu_item menu-item-has-children menu-item-wpml-ls-2-de\"><a href=\"https:\/\/htc.dk\/de\/\" aria-current=\"page\" aria-expanded=\"false\" aria-controls=\"wpml-ls-submenu-wpml-ls-2-de\"><img decoding=\"async\"\n            class=\"wpml-ls-flag\"\n            src=\"https:\/\/htc.dk\/wp-content\/plugins\/sitepress-multilingual-cms\/res\/flags\/de.svg\"\n            alt=\"\"\n            loading=\"lazy\"\n            \n            \n    \/><span class=\"wpml-ls-native\" lang=\"de\">Deutsch<\/span><\/a>\n<ul class=\"sub-menu\">\n\t<li id=\"menu-item-wpml-ls-2-da\" class=\"menu-item wpml-ls-slot-2 wpml-ls-item wpml-ls-item-da wpml-ls-menu-item wpml-ls-first-item menu-item-type-wpml_ls_menu_item menu-item-object-wpml_ls_menu_item menu-item-wpml-ls-2-da\"><a href=\"https:\/\/htc.dk\/\" title=\"Wechseln zu Dansk\" aria-label=\"Wechseln zu Dansk\"><img decoding=\"async\"\n            class=\"wpml-ls-flag\"\n            src=\"https:\/\/htc.dk\/wp-content\/plugins\/sitepress-multilingual-cms\/res\/flags\/da.svg\"\n            alt=\"\"\n            loading=\"lazy\"\n            \n            \n    \/><span class=\"wpml-ls-native\" lang=\"da\">Dansk<\/span><\/a><\/li>\n\t<li id=\"menu-item-wpml-ls-2-en\" class=\"menu-item wpml-ls-slot-2 wpml-ls-item wpml-ls-item-en wpml-ls-menu-item menu-item-type-wpml_ls_menu_item menu-item-object-wpml_ls_menu_item menu-item-wpml-ls-2-en\"><a href=\"https:\/\/htc.dk\/en\/\" title=\"Wechseln zu English\" aria-label=\"Wechseln zu English\"><img decoding=\"async\"\n            class=\"wpml-ls-flag\"\n            src=\"https:\/\/htc.dk\/wp-content\/plugins\/sitepress-multilingual-cms\/res\/flags\/en.svg\"\n            alt=\"\"\n            loading=\"lazy\"\n            \n            \n    \/><span class=\"wpml-ls-native\" lang=\"en\">English<\/span><\/a><\/li>\n<\/ul>\n<\/li>\n<\/ul>                    <\/nav><!-- \/.main-nav -->\n                <\/div> <!-- \/.col-10 -->\n            <\/div> <!-- \/.row -->\n        <\/div>\n    <\/section> <!-- \/.header-navbar -->\n<\/header> <!-- \/.main-header -->[\/vc_column][\/vc_row][vc_row full_width=&#8220;stretch_row_content_no_spaces&#8220; section_parallax=&#8220;&#8220; css=&#8220;.vc_custom_1605770822948{background-image: url(https:\/\/htc.dk\/wp-content\/uploads\/2020\/11\/htc-og-opmax-2.jpg?id=250) !important;background-position: center !important;background-repeat: no-repeat !important;background-size: cover !important;}&#8220;][vc_column][vc_empty_space height=&#8220;400px&#8220;][\/vc_column][\/vc_row][vc_row section_parallax=&#8220;&#8220;][vc_column][vc_column_text]<\/p>\n<h2>Neue Optionen auf HTC<\/h2>\n<p>Mit dem Erwerb von Dalsagervej 18 ist den Einrichtungen des Zentrums nun ein Terminal mit Lagerhallen angeschlossen.<\/p>\n<p>Bei HTC gibt es jetzt Lagerm\u00f6glichkeiten &#8211; ob 1 Palette, 1 Container voll oder eine Halle, das kann jetzt angeboten werden.<\/p>\n<p>Die Adresse bietet auch die M\u00f6glichkeit, 65 m2 B\u00fcror\u00e4ume und 65 m2 Sozialr\u00e4ume zu mieten.<\/p>\n<p>Entgegennahme von Waren von Spediteuren \/ Transporteuren<\/p>\n<p>T\u00e4glich von 08.00 &#8211; 16.00 Uhr ge\u00f6ffnet &#8211; abends und am Wochenende nach Vereinbarung.<\/p>\n<p>Terminaleinrichtungen :<\/p>\n<ul>\n<li>1 beheizte Halle von 750 m2 &#8211; Torh\u00f6he 4,2 m<\/li>\n<li>2 unbeheizte Hallen von ca. 1000 m2 &#8211; Torh\u00f6he 4,2 m<\/li>\n<li>Ladeschleuse mit hydr. Rampe &#8211; und ein 2,5-Tonnen-LKW ist vor Ort.<\/li>\n<\/ul>\n<p>Mehr Informationen &#8211; klicken Sie <a href=\"https:\/\/opmax.dk\/\">hier<\/a>[\/vc_column_text][vc_empty_space height=&#8220;50px&#8220;][\/vc_column][\/vc_row]<\/p>\n<\/section>","protected":false},"excerpt":{"rendered":"<p>[vc_row full_width=&#8220;stretch_row&#8220; section_parallax=&#8220;&#8220; css=&#8220;.vc_custom_1443431411728{background-color: #767574 !important;}&#8220;][vc_column css=&#8220;.vc_custom_1443431295400{background-color: #767574 !important;}&#8220;][vc_column_text el_class=&#8220;tekstbox&#8220;] Telefon: 96 56 07 70 Fax: 96 56 07 71 E-Mail: ts@htc.dk [\/vc_column_text][\/vc_column][\/vc_row][vc_row full_width=&#8220;stretch_row_content_no_spaces&#8220; section_parallax=&#8220;&#8220;][vc_column][\/vc_column][\/vc_row][vc_row full_width=&#8220;stretch_row_content_no_spaces&#8220; section_parallax=&#8220;&#8220; css=&#8220;.vc_custom_1605770822948{background-image: url(https:\/\/htc.dk\/wp-content\/uploads\/2020\/11\/htc-og-opmax-2.jpg?id=250) !important;background-position: center !important;background-repeat: no-repeat !important;background-size: cover !important;}&#8220;][vc_column][vc_empty_space height=&#8220;400px&#8220;][\/vc_column][\/vc_row][vc_row section_parallax=&#8220;&#8220;][vc_column][vc_column_text] Neue Optionen auf HTC Mit dem Erwerb von Dalsagervej 18 ist den Einrichtungen des Zentrums nun ein<\/p>\n<p><a class=\"more-link uppercase text-alpha font-beta\" href=\"https:\/\/htc.dk\/de\/terminal-lagerhaus\/\">Read more<\/a><\/p>\n","protected":false},"author":1,"featured_media":0,"parent":0,"menu_order":0,"comment_status":"closed","ping_status":"closed","template":"","meta":{"footnotes":""},"class_list":["post-441","page","type-page","status-publish","hentry"],"_links":{"self":[{"href":"https:\/\/htc.dk\/de\/wp-json\/wp\/v2\/pages\/441","targetHints":{"allow":["GET"]}}],"collection":[{"href":"https:\/\/htc.dk\/de\/wp-json\/wp\/v2\/pages"}],"about":[{"href":"https:\/\/htc.dk\/de\/wp-json\/wp\/v2\/types\/page"}],"author":[{"embeddable":true,"href":"https:\/\/htc.dk\/de\/wp-json\/wp\/v2\/users\/1"}],"replies":[{"embeddable":true,"href":"https:\/\/htc.dk\/de\/wp-json\/wp\/v2\/comments?post=441"}],"version-history":[{"count":3,"href":"https:\/\/htc.dk\/de\/wp-json\/wp\/v2\/pages\/441\/revisions"}],"predecessor-version":[{"id":461,"href":"https:\/\/htc.dk\/de\/wp-json\/wp\/v2\/pages\/441\/revisions\/461"}],"wp:attachment":[{"href":"https:\/\/htc.dk\/de\/wp-json\/wp\/v2\/media?parent=441"}],"curies":[{"name":"wp","href":"https:\/\/api.w.org\/{rel}","templated":true}]}}